
{"id":100,"date":"2024-08-06T16:28:21","date_gmt":"2024-08-06T16:28:21","guid":{"rendered":"https:\/\/kromogen.mehmetalisahin.com.tr\/?page_id=100"},"modified":"2024-08-12T06:01:13","modified_gmt":"2024-08-12T06:01:13","slug":"urunlerimiz","status":"publish","type":"page","link":"https:\/\/kromx.kromogen.com\/en\/our-products\/","title":{"rendered":"OUR PRODUCTS"},"content":{"rendered":"<div class=\"row row-large align-equal\"  id=\"row-1801996327\">\n\n\t<div id=\"col-356658924\" class=\"col small-12 large-12\"  >\n\t\t\t\t<div class=\"col-inner\"  >\n\t\t\t\n\t\t\t\n<div class=\"container section-title-container\" ><h4 class=\"section-title section-title-normal\"><b><\/b><span class=\"section-title-main\" >Solutions<\/span><b><\/b><\/h4><\/div>\n\n  \n    <div class=\"row large-columns-2 medium-columns- small-columns- row-small has-shadow row-box-shadow-1 row-box-shadow-5-hover\" >\n  <div class=\"page-col col\" >\n          <div class=\"col-inner\" >\n          <a class=\"block plain\" href=\"https:\/\/kromx.kromogen.com\/en\/our-products\/quechers-sample-preparation-kits\/\" title=\"QuEChERS Sample Preparation Kits\" target=\"\">\n            <div class=\"page-box box has-hover\">\n                  <div class=\"box-image\" >\n                      <div class=\"box-image image-cover\" style=\"padding-top:0%;\">\n                                            <\/div>\n                                                              <\/div>\n                  <div class=\"box-text text-left is-small\" >\n                        <div class=\"box-text-inner\">\n                            <p>QuEChERS Sample Preparation Kits<\/p>\n                        <\/div>\n                  <\/div>\n              <\/div>\n            <\/a>\n            <\/div>\n          <\/div><div class=\"page-col col\" >\n          <div class=\"col-inner\" >\n          <a class=\"block plain\" href=\"https:\/\/kromx.kromogen.com\/en\/our-products\/spe-solid-phase-extraction\/\" title=\"SPE Solid Phase Extraction\" target=\"\">\n            <div class=\"page-box box has-hover\">\n                  <div class=\"box-image\" >\n                      <div class=\"box-image image-cover\" style=\"padding-top:0%;\">\n                                            <\/div>\n                                                              <\/div>\n                  <div class=\"box-text text-left is-small\" >\n                        <div class=\"box-text-inner\">\n                            <p>SPE Solid Phase Extraction<\/p>\n                        <\/div>\n                  <\/div>\n              <\/div>\n            <\/a>\n            <\/div>\n          <\/div><div class=\"page-col col\" >\n          <div class=\"col-inner\" >\n          <a class=\"block plain\" href=\"https:\/\/kromx.kromogen.com\/en\/our-products\/quartz-quartz\/\" title=\"Quartz Cuvettes\" target=\"\">\n            <div class=\"page-box box has-hover\">\n                  <div class=\"box-image\" >\n                      <div class=\"box-image image-cover\" style=\"padding-top:0%;\">\n                                            <\/div>\n                                                              <\/div>\n                  <div class=\"box-text text-left is-small\" >\n                        <div class=\"box-text-inner\">\n                            <p>Quartz Cuvettes<\/p>\n                        <\/div>\n                  <\/div>\n              <\/div>\n            <\/a>\n            <\/div>\n          <\/div><div class=\"page-col col\" >\n          <div class=\"col-inner\" >\n          <a class=\"block plain\" href=\"https:\/\/kromx.kromogen.com\/en\/our-products\/vial-cover-septa\/\" title=\"Chromatography Vial Caps and Septas\" target=\"\">\n            <div class=\"page-box box has-hover\">\n                  <div class=\"box-image\" >\n                      <div class=\"box-image image-cover\" style=\"padding-top:0%;\">\n                                            <\/div>\n                                                              <\/div>\n                  <div class=\"box-text text-left is-small\" >\n                        <div class=\"box-text-inner\">\n                            <p>Chromatography Vial Caps and Septas<\/p>\n                        <\/div>\n                  <\/div>\n              <\/div>\n            <\/a>\n            <\/div>\n          <\/div><div class=\"page-col col\" >\n          <div class=\"col-inner\" >\n          <a class=\"block plain\" href=\"https:\/\/kromx.kromogen.com\/en\/our-products\/vacuum-products\/\" title=\"Vacuum Products\" target=\"\">\n            <div class=\"page-box box has-hover\">\n                  <div class=\"box-image\" >\n                      <div class=\"box-image image-cover\" style=\"padding-top:0%;\">\n                                            <\/div>\n                                                              <\/div>\n                  <div class=\"box-text text-left is-small\" >\n                        <div class=\"box-text-inner\">\n                            <p>Vacuum Products<\/p>\n                        <\/div>\n                  <\/div>\n              <\/div>\n            <\/a>\n            <\/div>\n          <\/div><div class=\"page-col col\" >\n          <div class=\"col-inner\" >\n          <a class=\"block plain\" href=\"https:\/\/kromx.kromogen.com\/en\/our-products\/syringa-tip-and-membrane-filter\/\" title=\"Syringe and Membrane Filters\" target=\"\">\n            <div class=\"page-box box has-hover\">\n                  <div class=\"box-image\" >\n                      <div class=\"box-image image-cover\" style=\"padding-top:0%;\">\n                                            <\/div>\n                                                              <\/div>\n                  <div class=\"box-text text-left is-small\" >\n                        <div class=\"box-text-inner\">\n                            <p>Syringe and Membrane Filters<\/p>\n                        <\/div>\n                  <\/div>\n              <\/div>\n            <\/a>\n            <\/div>\n          <\/div><div class=\"page-col col\" >\n          <div class=\"col-inner\" >\n          <a class=\"block plain\" href=\"https:\/\/kromx.kromogen.com\/en\/our-products\/plastic-consumables\/\" title=\"Plastic Consumables\" target=\"\">\n            <div class=\"page-box box has-hover\">\n                  <div class=\"box-image\" >\n                      <div class=\"box-image image-cover\" style=\"padding-top:0%;\">\n                                            <\/div>\n                                                              <\/div>\n                  <div class=\"box-text text-left is-small\" >\n                        <div class=\"box-text-inner\">\n                            <p>Plastic Consumables<\/p>\n                        <\/div>\n                  <\/div>\n              <\/div>\n            <\/a>\n            <\/div>\n          <\/div><\/div>\n\t\t<\/div>\n\t\t\t\t\t<\/div>\n\n\t\n\n<style>\n#row-1801996327 > .col > .col-inner {\n  padding: 20px 20px 20px 20px;\n}\n<\/style>\n<\/div>","protected":false},"excerpt":{"rendered":"","protected":false},"author":1,"featured_media":0,"parent":0,"menu_order":0,"comment_status":"closed","ping_status":"closed","template":"","meta":{"footnotes":""},"class_list":["post-100","page","type-page","status-publish","hentry"],"yoast_head":"<!-- This site is optimized with the Yoast SEO plugin v23.3 - https:\/\/yoast.com\/wordpress\/plugins\/seo\/ -->\n<title>\u00dcR\u00dcNLER\u0130M\u0130Z - Kromogen<\/title>\n<meta name=\"robots\" content=\"index, follow, max-snippet:-1, max-image-preview:large, max-video-preview:-1\" \/>\n<link rel=\"canonical\" href=\"https:\/\/kromx.kromogen.com\/en\/our-products\/\" \/>\n<meta property=\"og:locale\" content=\"en_GB\" \/>\n<meta property=\"og:type\" content=\"article\" \/>\n<meta property=\"og:title\" content=\"\u00dcR\u00dcNLER\u0130M\u0130Z - Kromogen\" \/>\n<meta property=\"og:url\" content=\"https:\/\/kromx.kromogen.com\/en\/our-products\/\" \/>\n<meta property=\"og:site_name\" content=\"Kromogen\" \/>\n<meta property=\"article:modified_time\" content=\"2024-08-12T06:01:13+00:00\" \/>\n<meta name=\"twitter:card\" content=\"summary_large_image\" \/>\n<script type=\"application\/ld+json\" class=\"yoast-schema-graph\">{\"@context\":\"https:\/\/schema.org\",\"@graph\":[{\"@type\":\"WebPage\",\"@id\":\"https:\/\/kromx.kromogen.com\/urunlerimiz\/\",\"url\":\"https:\/\/kromx.kromogen.com\/urunlerimiz\/\",\"name\":\"\u00dcR\u00dcNLER\u0130M\u0130Z - Kromogen\",\"isPartOf\":{\"@id\":\"https:\/\/kromx.kromogen.com\/#website\"},\"datePublished\":\"2024-08-06T16:28:21+00:00\",\"dateModified\":\"2024-08-12T06:01:13+00:00\",\"breadcrumb\":{\"@id\":\"https:\/\/kromx.kromogen.com\/urunlerimiz\/#breadcrumb\"},\"inLanguage\":\"en-GB\",\"potentialAction\":[{\"@type\":\"ReadAction\",\"target\":[\"https:\/\/kromx.kromogen.com\/urunlerimiz\/\"]}]},{\"@type\":\"BreadcrumbList\",\"@id\":\"https:\/\/kromx.kromogen.com\/urunlerimiz\/#breadcrumb\",\"itemListElement\":[{\"@type\":\"ListItem\",\"position\":1,\"name\":\"Anasayfa\",\"item\":\"https:\/\/kromx.kromogen.com\/\"},{\"@type\":\"ListItem\",\"position\":2,\"name\":\"\u00dcR\u00dcNLER\u0130M\u0130Z\"}]},{\"@type\":\"WebSite\",\"@id\":\"https:\/\/kromx.kromogen.com\/#website\",\"url\":\"https:\/\/kromx.kromogen.com\/\",\"name\":\"Kromogen | KromX\",\"description\":\"Kromogen Biyoteknoloji\",\"publisher\":{\"@id\":\"https:\/\/kromx.kromogen.com\/#organization\"},\"potentialAction\":[{\"@type\":\"SearchAction\",\"target\":{\"@type\":\"EntryPoint\",\"urlTemplate\":\"https:\/\/kromx.kromogen.com\/?s={search_term_string}\"},\"query-input\":\"required name=search_term_string\"}],\"inLanguage\":\"en-GB\"},{\"@type\":\"Organization\",\"@id\":\"https:\/\/kromx.kromogen.com\/#organization\",\"name\":\"Kromogen | KromX\",\"url\":\"https:\/\/kromx.kromogen.com\/\",\"logo\":{\"@type\":\"ImageObject\",\"inLanguage\":\"en-GB\",\"@id\":\"https:\/\/kromx.kromogen.com\/#\/schema\/logo\/image\/\",\"url\":\"https:\/\/kromx.kromogen.com\/wp-content\/uploads\/2024\/08\/KromX.jpg\",\"contentUrl\":\"https:\/\/kromx.kromogen.com\/wp-content\/uploads\/2024\/08\/KromX.jpg\",\"width\":1600,\"height\":650,\"caption\":\"Kromogen | KromX\"},\"image\":{\"@id\":\"https:\/\/kromx.kromogen.com\/#\/schema\/logo\/image\/\"},\"sameAs\":[\"https:\/\/www.linkedin.com\/company\/kromogen-biyoteknoloji\/\"]}]}<\/script>\n<!-- \/ Yoast SEO plugin. -->","yoast_head_json":{"title":"\u00dcR\u00dcNLER\u0130M\u0130Z - Kromogen","robots":{"index":"index","follow":"follow","max-snippet":"max-snippet:-1","max-image-preview":"max-image-preview:large","max-video-preview":"max-video-preview:-1"},"canonical":"https:\/\/kromx.kromogen.com\/en\/our-products\/","og_locale":"en_GB","og_type":"article","og_title":"\u00dcR\u00dcNLER\u0130M\u0130Z - Kromogen","og_url":"https:\/\/kromx.kromogen.com\/en\/our-products\/","og_site_name":"Kromogen","article_modified_time":"2024-08-12T06:01:13+00:00","twitter_card":"summary_large_image","schema":{"@context":"https:\/\/schema.org","@graph":[{"@type":"WebPage","@id":"https:\/\/kromx.kromogen.com\/urunlerimiz\/","url":"https:\/\/kromx.kromogen.com\/urunlerimiz\/","name":"\u00dcR\u00dcNLER\u0130M\u0130Z - Kromogen","isPartOf":{"@id":"https:\/\/kromx.kromogen.com\/#website"},"datePublished":"2024-08-06T16:28:21+00:00","dateModified":"2024-08-12T06:01:13+00:00","breadcrumb":{"@id":"https:\/\/kromx.kromogen.com\/urunlerimiz\/#breadcrumb"},"inLanguage":"en-GB","potentialAction":[{"@type":"ReadAction","target":["https:\/\/kromx.kromogen.com\/urunlerimiz\/"]}]},{"@type":"BreadcrumbList","@id":"https:\/\/kromx.kromogen.com\/urunlerimiz\/#breadcrumb","itemListElement":[{"@type":"ListItem","position":1,"name":"Anasayfa","item":"https:\/\/kromx.kromogen.com\/"},{"@type":"ListItem","position":2,"name":"\u00dcR\u00dcNLER\u0130M\u0130Z"}]},{"@type":"WebSite","@id":"https:\/\/kromx.kromogen.com\/#website","url":"https:\/\/kromx.kromogen.com\/","name":"Kromogen | KromX","description":"Kromogen Biyoteknoloji","publisher":{"@id":"https:\/\/kromx.kromogen.com\/#organization"},"potentialAction":[{"@type":"SearchAction","target":{"@type":"EntryPoint","urlTemplate":"https:\/\/kromx.kromogen.com\/?s={search_term_string}"},"query-input":"required name=search_term_string"}],"inLanguage":"en-GB"},{"@type":"Organization","@id":"https:\/\/kromx.kromogen.com\/#organization","name":"Kromogen | KromX","url":"https:\/\/kromx.kromogen.com\/","logo":{"@type":"ImageObject","inLanguage":"en-GB","@id":"https:\/\/kromx.kromogen.com\/#\/schema\/logo\/image\/","url":"https:\/\/kromx.kromogen.com\/wp-content\/uploads\/2024\/08\/KromX.jpg","contentUrl":"https:\/\/kromx.kromogen.com\/wp-content\/uploads\/2024\/08\/KromX.jpg","width":1600,"height":650,"caption":"Kromogen | KromX"},"image":{"@id":"https:\/\/kromx.kromogen.com\/#\/schema\/logo\/image\/"},"sameAs":["https:\/\/www.linkedin.com\/company\/kromogen-biyoteknoloji\/"]}]}},"_links":{"self":[{"href":"https:\/\/kromx.kromogen.com\/en\/wp-json\/wp\/v2\/pages\/100"}],"collection":[{"href":"https:\/\/kromx.kromogen.com\/en\/wp-json\/wp\/v2\/pages"}],"about":[{"href":"https:\/\/kromx.kromogen.com\/en\/wp-json\/wp\/v2\/types\/page"}],"author":[{"embeddable":true,"href":"https:\/\/kromx.kromogen.com\/en\/wp-json\/wp\/v2\/users\/1"}],"replies":[{"embeddable":true,"href":"https:\/\/kromx.kromogen.com\/en\/wp-json\/wp\/v2\/comments?post=100"}],"version-history":[{"count":2,"href":"https:\/\/kromx.kromogen.com\/en\/wp-json\/wp\/v2\/pages\/100\/revisions"}],"predecessor-version":[{"id":604,"href":"https:\/\/kromx.kromogen.com\/en\/wp-json\/wp\/v2\/pages\/100\/revisions\/604"}],"wp:attachment":[{"href":"https:\/\/kromx.kromogen.com\/en\/wp-json\/wp\/v2\/media?parent=100"}],"curies":[{"name":"wp","href":"https:\/\/api.w.org\/{rel}","templated":true}]}}