
{"id":266,"date":"2024-08-08T05:30:44","date_gmt":"2024-08-08T05:30:44","guid":{"rendered":"https:\/\/kromogen.mehmetalisahin.com.tr\/?page_id=266"},"modified":"2024-09-02T11:31:09","modified_gmt":"2024-09-02T11:31:09","slug":"spe-kati-faz-ekstraksiyon","status":"publish","type":"page","link":"https:\/\/kromx.kromogen.com\/en\/our-products\/spe-solid-phase-extraction\/","title":{"rendered":"SPE Solid Phase Extraction"},"content":{"rendered":"<div id=\"page-header-747303505\" class=\"page-header-wrapper\">\n  <div class=\"page-title dark featured-title\">\n\n    \n    <div class=\"page-title-inner container align-center flex-row medium-flex-wrap\" >\n              <div class=\"title-wrapper flex-col text-left medium-text-center\">\n          <h1 class=\"entry-title mb-0\">\n            SPE Solid Phase Extraction          <\/h1>\n        <\/div>\n                    <div class=\"title-content flex-col flex-right text-right medium-text-center\">\n        <div class=\"title-breadcrumbs pb-half pt-half\"><\/div>      <\/div>\n    <\/div>\n\n     \n<style>\n#page-header-747303505 {\n  margin-bottom: 18px;\n}\n<\/style>\n  <\/div>\n    <\/div>\n  \n<div class=\"row\"  id=\"row-1628294371\">\n\n\t<div id=\"col-1783124771\" class=\"col medium-6 small-12 large-6\"  data-animate=\"fadeInLeft\">\n\t\t\t\t<div class=\"col-inner\"  >\n\t\t\t\n\t\t\t\n<p><img loading=\"lazy\" decoding=\"async\" class=\"alignnone wp-image-896\" src=\"https:\/\/kromx.kromogen.com\/wp-content\/uploads\/2024\/08\/SpeXtract.jpg\" alt=\"\" width=\"434\" height=\"176\" srcset=\"https:\/\/kromx.kromogen.com\/wp-content\/uploads\/2024\/08\/SpeXtract.jpg 1600w, https:\/\/kromx.kromogen.com\/wp-content\/uploads\/2024\/08\/SpeXtract-300x122.jpg 300w, https:\/\/kromx.kromogen.com\/wp-content\/uploads\/2024\/08\/SpeXtract-1024x416.jpg 1024w, https:\/\/kromx.kromogen.com\/wp-content\/uploads\/2024\/08\/SpeXtract-768x312.jpg 768w, https:\/\/kromx.kromogen.com\/wp-content\/uploads\/2024\/08\/SpeXtract-1536x624.jpg 1536w\" sizes=\"(max-width: 434px) 100vw, 434px\" \/><\/p>\n<h3>SPE Cartridge for Clean Sample and Selective Analyses<\/h3>\n<p>Patented Polymer,\u00a0<strong>HLB<\/strong>C18, C8, WAX, WCX, SAX, SCX, NH2 or more. Clean samples, high recovery, short times, reduced solvent consumption.... Spe<strong>X<\/strong>tract SPE Products...<\/p>\n\t<div class=\"img has-hover x md-x lg-x y md-y lg-y\" id=\"image_1273878306\">\n\t\t\t\t\t\t\t\t<div class=\"img-inner dark\" >\n\t\t\t<img loading=\"lazy\" decoding=\"async\" width=\"300\" height=\"118\" src=\"https:\/\/kromx.kromogen.com\/wp-content\/uploads\/2024\/08\/yerli-uretim-logo-png-300x118-1.png\" class=\"attachment-large size-large\" alt=\"\" \/>\t\t\t\t\t\t\n\t\t\t\t\t<\/div>\n\t\t\t\t\t\t\t\t\n<style>\n#image_1273878306 {\n  width: 33%;\n}\n<\/style>\n\t<\/div>\n\t\n\t<div id=\"text-1706105546\" class=\"text\">\n\t\t\n<p><strong>DOMESTIC AND NATIONAL PRODUCTION<br \/>\n<\/strong><strong>PATENTED TECHNOLOGY<\/strong><br \/>\n\t\t\n<style>\n#text-1706105546 {\n  font-size: 1.7rem;\n}\n<\/style>\n\t<\/div>\n\t\n\t\t<\/div>\n\t\t\t\t\t<\/div>\n\n\t\n\n\t<div id=\"col-675133146\" class=\"col medium-6 small-12 large-6\"  data-animate=\"fadeInRight\">\n\t\t\t\t<div class=\"col-inner\"  >\n\t\t\t\n\t\t\t\n<div class=\"slider-wrapper relative\" id=\"slider-148840046\" >\n    <div class=\"slider slider-nav-circle slider-nav-large slider-nav-light slider-style-normal\"\n        data-flickity-options='{            \"cellAlign\": \"center\",            \"imagesLoaded\": true,            \"lazyLoad\": 1,            \"freeScroll\": false,            \"wrapAround\": true,            \"autoPlay\": 4000,            \"pauseAutoPlayOnHover\" : true,            \"prevNextButtons\": true,            \"contain\" : true,            \"adaptiveHeight\" : true,            \"dragThreshold\" : 10,            \"percentPosition\": true,            \"pageDots\": true,            \"rightToLeft\": false,            \"draggable\": true,            \"selectedAttraction\": 0.1,            \"parallax\" : 0,            \"friction\": 0.6        }'\n        >\n        \n\n  <div class=\"banner has-hover\" id=\"banner-1760709458\">\n          <div class=\"banner-inner fill\">\n        <div class=\"banner-bg fill\" >\n            <img loading=\"lazy\" decoding=\"async\" width=\"600\" height=\"600\" src=\"https:\/\/kromx.kromogen.com\/wp-content\/uploads\/2024\/08\/SPHE-C35-050-01-1.jpg\" class=\"bg attachment-large size-large\" alt=\"\" \/>                                    \n                    <\/div>\n\t\t\n        <div class=\"banner-layers container\">\n            <div class=\"fill banner-link\"><\/div>            \n   <div id=\"text-box-1829955402\" class=\"text-box banner-layer x50 md-x50 lg-x50 y50 md-y50 lg-y50 res-text\">\n                                <div class=\"text-box-content text dark\">\n              \n              <div class=\"text-inner text-center\">\n                  \n              <\/div>\n           <\/div>\n                            \n<style>\n#text-box-1829955402 {\n  width: 60%;\n}\n#text-box-1829955402 .text-box-content {\n  font-size: 100%;\n}\n@media (min-width:550px) {\n  #text-box-1829955402 {\n    width: 60%;\n  }\n}\n<\/style>\n    <\/div>\n \n        <\/div>\n      <\/div>\n\n            \n<style>\n#banner-1760709458 {\n  padding-top: 520px;\n  background-color: rgb(255,255,255);\n}\n#banner-1760709458 .banner-bg img {\n  object-position: 34% 49%;\n}\n<\/style>\n  <\/div>\n\n\n\n  <div class=\"banner has-hover\" id=\"banner-1998838955\">\n          <div class=\"banner-inner fill\">\n        <div class=\"banner-bg fill\" >\n            <img loading=\"lazy\" decoding=\"async\" width=\"595\" height=\"593\" src=\"https:\/\/kromx.kromogen.com\/wp-content\/uploads\/2024\/08\/spe-cartridge.jpg\" class=\"bg attachment-large size-large\" alt=\"\" \/>                                    \n                    <\/div>\n\t\t\n        <div class=\"banner-layers container\">\n            <div class=\"fill banner-link\"><\/div>            \n   <div id=\"text-box-1586278143\" class=\"text-box banner-layer x50 md-x50 lg-x50 y50 md-y50 lg-y50 res-text\">\n                                <div class=\"text-box-content text dark\">\n              \n              <div class=\"text-inner text-center\">\n                  \n              <\/div>\n           <\/div>\n                            \n<style>\n#text-box-1586278143 {\n  width: 60%;\n}\n#text-box-1586278143 .text-box-content {\n  font-size: 100%;\n}\n@media (min-width:550px) {\n  #text-box-1586278143 {\n    width: 60%;\n  }\n}\n<\/style>\n    <\/div>\n \n        <\/div>\n      <\/div>\n\n            \n<style>\n#banner-1998838955 {\n  padding-top: 520px;\n  background-color: rgb(255,255,255);\n}\n#banner-1998838955 .banner-bg img {\n  object-position: 42% 17%;\n}\n<\/style>\n  <\/div>\n\n\n     <\/div>\n\n     <div class=\"loading-spin dark large centered\"><\/div>\n\n\t<\/div>\n\n\n\t\t<\/div>\n\t\t\t\t\t<\/div>\n\n\t\n<\/div>\n\n\t<section class=\"section dark\" id=\"section_405265320\">\n\t\t<div class=\"section-bg fill\" >\n\t\t\t\t\t\t\t\t\t<button class=\"scroll-for-more z-5 icon absolute bottom h-center\" aria-label=\"Scroll for more\"><i class=\"icon-angle-down\" style=\"font-size:42px;\" ><\/i><\/button>\n\t\t\t\n\n\t\t<\/div>\n\n\t\t\n\n\t\t<div class=\"section-content relative\">\n\t\t\t\n\t<div id=\"text-1343100522\" class=\"text\">\n\t\t\n<p>SpeXtract Solid Phase Extraction (SPE)<br \/>\nSolid Phase Extraction Cartridges<\/p>\n<h3 style=\"text-align: center;\"><strong>PATENTED TECHNOLOGY<\/strong><\/h3>\n\t\t\n<style>\n#text-1343100522 {\n  font-size: 1.2rem;\n  text-align: center;\n}\n<\/style>\n\t<\/div>\n\t\n\t<div id=\"gap-1807282323\" class=\"gap-element clearfix\" style=\"display:block; height:auto;\">\n\t\t\n<style>\n#gap-1807282323 {\n  padding-top: 30px;\n}\n<\/style>\n\t<\/div>\n\t\n<div class=\"row\"  id=\"row-1309876591\">\n\n\t<div id=\"col-256285004\" class=\"col medium-6 small-12 large-6\"  data-animate=\"flipInY\">\n\t\t\t\t<div class=\"col-inner\"  >\n\t\t\t\n\t\t\t\n\t<div id=\"text-2770521231\" class=\"text\">\n\t\t\n<h4 style=\"text-align: center;\">Clean and Reliable Samples<\/h4>\n<h4 style=\"text-align: center;\">Repeatability<\/h4>\n\t\t\n<style>\n#text-2770521231 {\n  text-align: center;\n}\n<\/style>\n\t<\/div>\n\t\n\t\t<\/div>\n\t\t\t\t\t<\/div>\n\n\t\n\n\t<div id=\"col-118676308\" class=\"col medium-6 small-12 large-6\"  data-animate=\"flipInY\">\n\t\t\t\t<div class=\"col-inner\"  >\n\t\t\t\n\t\t\t\n\t<div id=\"text-895991100\" class=\"text\">\n\t\t\n<h4 style=\"text-align: center;\">High Recovery<\/h4>\n<h4 style=\"text-align: center;\">Enriched Target Analytes<\/h4>\n\t\t\n<style>\n#text-895991100 {\n  text-align: center;\n}\n<\/style>\n\t<\/div>\n\t\n\t\t<\/div>\n\t\t\t\t\t<\/div>\n\n\t\n<\/div>\n\t\t<\/div>\n\n\t\t\n<style>\n#section_405265320 {\n  padding-top: 30px;\n  padding-bottom: 30px;\n  background-color: #c00d0d;\n}\n<\/style>\n\t<\/section>\n\t\n<div class=\"row row-small align-equal\"  id=\"row-816703620\">\n\n\t<div id=\"col-1160508922\" class=\"col medium-5 small-12 large-5\"  data-animate=\"fadeInLeft\">\n\t\t\t\t<div class=\"col-inner\"  >\n\t\t\t\n\t\t\t\n<p><b>Spe<\/b><b>X<\/b><b>tract<\/b><b>,\u00a0\u00a0<\/b>Patented Filling Material<br \/>\nReliable and Repeatable<br \/>\nHigh Recovery<\/p>\n<ul>\n<li>Patented Sorbent Technology and special cartridge design<\/li>\n<li>Clean samples with fast and simple methods<\/li>\n<li>Batch to Batch repeatability<\/li>\n<li>Ideal sample preparation for techniques such as LCMSMS by reducing matrix effect<\/li>\n<li>High selectivity for banned drug analyses and similar small molecules<\/li>\n<li>Highest SPE recovery rates<\/li>\n<li>High product quality<\/li>\n<\/ul>\n<blockquote><p><em>Remove what you don't want from your sample<\/em><\/p>\n<p><em>Cleanly obtain the analytes you want to retain, enrich<\/em><\/p>\n<p><em>Easy and reproducible sample preparation<\/em><\/p><\/blockquote>\n\t\t<\/div>\n\t\t\t\t\t<\/div>\n\n\t\n\n\t<div id=\"col-1954515739\" class=\"col medium-2 small-12 large-2\"  data-animate=\"bounceIn\">\n\t\t\t\t<div class=\"col-inner dark\" style=\"background-color:rgb(74, 74, 73);\" >\n\t\t\t\n\t\t\t\n\t<div class=\"box has-hover circle  has-hover box-text-bottom\" >\n\n\t\t<div class=\"box-image\" style=\"border-radius:38%;\">\n\t\t\t\t\t\t<div class=\"\" >\n\t\t\t\t<img loading=\"lazy\" decoding=\"async\" width=\"768\" height=\"665\" src=\"https:\/\/kromx.kromogen.com\/wp-content\/uploads\/2024\/08\/HEMA-4-106-150-768x665-1.jpg\" class=\"attachment-original size-original\" alt=\"\" srcset=\"https:\/\/kromx.kromogen.com\/wp-content\/uploads\/2024\/08\/HEMA-4-106-150-768x665-1.jpg 768w, https:\/\/kromx.kromogen.com\/wp-content\/uploads\/2024\/08\/HEMA-4-106-150-768x665-1-300x260.jpg 300w\" sizes=\"(max-width: 768px) 100vw, 768px\" \/>\t\t\t\t\t\t\t\t\t\t\t<\/div>\n\t\t\t\t\t<\/div>\n\n\t\t<div class=\"box-text text-center\" >\n\t\t\t<div class=\"box-text-inner\">\n\t\t\t\t\n<h4>Flawless Polymers<\/h4>\n<p>High Recovery<\/p>\n\t\t\t<\/div>\n\t\t<\/div>\n\t<\/div>\n\t\n\t\t<\/div>\n\t\t\t\t\n<style>\n#col-1954515739 > .col-inner {\n  padding: 59px 0px 0px 0px;\n}\n<\/style>\n\t<\/div>\n\n\t\n\n\t<div id=\"col-554230858\" class=\"col medium-5 small-12 large-5\"  data-animate=\"fadeInRight\">\n\t\t\t\t<div class=\"col-inner\"  >\n\t\t\t\n\t\t\t\n<p><b>Spe<\/b><b>X<\/b><b>tract<\/b>\u00a0<b>- HLB<\/b><b><\/b><\/p>\n<p>For Drugs of Abuse and other small molecule applications<br \/>\n<span class=\"fancy-underline\"><strong><i>THE BEST<\/i><\/strong><\/span><\/p>\n<ul>\n<li>Sorbent technology specially developed for Forensic Medicine Applications<\/li>\n<li>Polymeric filling material<\/li>\n<li>Ideal combination of two different polymers<\/li>\n<li>Hydrophilic and Lipophilic Balance (Hydrophilic Lipophilic Balanced - HLB)<\/li>\n<li>Saving time and solvent compared to liquid extraction and other similar techniques<\/li>\n<li>Rapid method adaptation with the known 5-step (Condition - Equilibrate - Load - Wash - Elute) SPE technique<\/li>\n<li>Consistently reproducible high quality, each with a perfectly spherical polymer and an idealised diameter<\/li>\n<li>Highest recovery rates<\/li>\n<\/ul>\n\t\t<\/div>\n\t\t\t\t\t<\/div>\n\n\t\n<\/div>\n\n\t<section class=\"section dark has-mask mask-arrow\" id=\"section_1487056185\">\n\t\t<div class=\"section-bg fill\" >\n\t\t\t\t\t\t\t\t\t<div class=\"section-bg-overlay absolute fill\"><\/div>\n\t\t\t\n\t<div class=\"is-border\"\n\t\tstyle=\"border-color:rgb(235, 235, 235);border-width:1px 0px 0px 0px;\">\n\t<\/div>\n\n\t\t<\/div>\n\n\t\t\n\n\t\t<div class=\"section-content relative\">\n\t\t\t\n<div class=\"row\"  id=\"row-1600976510\">\n\n\t<div id=\"col-786745031\" class=\"col medium-4 small-12 large-4 col-divided\"  data-animate=\"fadeInLeft\">\n\t\t\t\t<div class=\"col-inner text-left text-shadow-2 dark\" style=\"background-color:rgb(0,0,0);\" >\n\t\t\t\n\t\t\t\n<p>Solid phase extraction (SPE) is a technique designed for rapid, selective sample preparation and purification prior to chromatographic analysis (e.g. HPLC, GC, TLC). In SPE, one or more analytes are isolated from a liquid sample by extracting, partitioning and\/or adsorbing onto a solid stationary phase.<\/p>\n\t\t<\/div>\n\t\t\t\t\t<\/div>\n\n\t\n\n\t<div id=\"col-926043799\" class=\"col medium-4 small-12 large-4 col-divided\"  data-animate=\"fadeInLeft\">\n\t\t\t\t<div class=\"col-inner text-shadow-2\"  >\n\t\t\t\n\t\t\t\n<div>SPE is frequently used in the pharmaceutical, clinical and high-throughput diagnostic testing, forensic, environmental and food\/agrochemical industries for analyses related to<\/div>\n<div><\/div>\n<ul>\n<li>Pharmaceutical compounds and metabolites in biological fluids<\/li>\n<li>Drugs of abuse in biological fluids<\/li>\n<li>Environmental pollutants in drinking and waste water<\/li>\n<li>Pesticides, antibiotics or mycotoxins in food\/agricultural matrices<\/li>\n<li>Desalination of proteins and peptides<\/li>\n<li>Fractionation of lipids<\/li>\n<li>Water and fat soluble vitamins<\/li>\n<\/ul>\n<div><\/div>\n<div><\/div>\n\t\t<\/div>\n\t\t\t\t\t<\/div>\n\n\t\n\n\t<div id=\"col-997872130\" class=\"col medium-4 small-12 large-4 col-divided\"  data-animate=\"fadeInLeft\">\n\t\t\t\t<div class=\"col-inner text-shadow-2\"  >\n\t\t\t\n\t\t\t\n<div>SPE is selective and versatile as many different sorbents and elution conditions are available for different analytes and matrices. Common SPE sorbents include:<\/div>\n<div><\/div>\n<ol>\n<li>Silica based<\/li>\n<li>Reverse phase (C18, C8, cyano, phenyl)<\/li>\n<li>Normal phase (silica, diol, NH2)<\/li>\n<li>Ion exchange (SAX, WCX, SCX)<\/li>\n<li>Carbon based<\/li>\n<li>Polymer-based (various compositions, different functionalities)<\/li>\n<li>Others, e.g. Florisil\u00ae (magnesium silicate) or Alumina<\/li>\n<\/ol>\n<div><\/div>\n\t\t<\/div>\n\t\t\t\t\t<\/div>\n\n\t\n<\/div>\n\t\t<\/div>\n\n\t\t\n<style>\n#section_1487056185 {\n  padding-top: 59px;\n  padding-bottom: 59px;\n  min-height: 300px;\n  background-color: rgb(0, 0, 0);\n}\n#section_1487056185 .section-bg-overlay {\n  background-color: rgba(0, 0, 0, 0.4);\n}\n<\/style>\n\t<\/section>\n\t\n\n\t<section class=\"section has-mask mask-arrow\" id=\"section_1416312552\">\n\t\t<div class=\"section-bg fill\" >\n\t\t\t\t\t\t\t\t\t<div class=\"section-bg-overlay absolute fill\"><\/div><div class=\"effect-snow bg-effect fill no-click\"><\/div>\n\t\t\t\n\t<div class=\"is-border\"\n\t\tstyle=\"border-color:rgb(235, 235, 235);border-width:1px 0px 0px 0px;\">\n\t<\/div>\n\n\t\t<\/div>\n\n\t\t\n\n\t\t<div class=\"section-content relative\">\n\t\t\t\n\t<div id=\"text-3707342383\" class=\"text\">\n\t\t\n<h3>CONTACT OUR EXPERTS FOR ALL YOUR SPE NEEDS, especially the patented SpeXtract HLB Polymeric Cartridges...<\/h3>\n\t\t\n<style>\n#text-3707342383 {\n  text-align: center;\n  color: rgb(255,255,255);\n}\n#text-3707342383 > * {\n  color: rgb(255,255,255);\n}\n<\/style>\n\t<\/div>\n\t\n\t\t<\/div>\n\n\t\t\n<style>\n#section_1416312552 {\n  padding-top: 59px;\n  padding-bottom: 59px;\n  min-height: 150px;\n  background-color: rgb(255, 12, 12);\n}\n#section_1416312552 .section-bg-overlay {\n  background-color: rgba(0, 0, 0, 0.4);\n}\n<\/style>\n\t<\/section>","protected":false},"excerpt":{"rendered":"","protected":false},"author":1,"featured_media":0,"parent":100,"menu_order":0,"comment_status":"closed","ping_status":"closed","template":"page-blank.php","meta":{"footnotes":""},"class_list":["post-266","page","type-page","status-publish","hentry"],"yoast_head":"<!-- This site is optimized with the Yoast SEO plugin v23.3 - https:\/\/yoast.com\/wordpress\/plugins\/seo\/ -->\n<title>SPE Kat\u0131 Faz Ekstraksiyon - Kromogen<\/title>\n<meta name=\"description\" content=\"Temiz Numune ve Se\u00e7ici Analizler \u0130\u00e7in SPE Kartu\u015f Patentli Polimer, HLB, C18, C8, WAX, WCX, SAX, SCX, NH2 ya da daha fazlas\u0131. Temiz numuneler, y\u00fcksek geri kazan\u0131m, k\u0131sa s\u00fcreler, azalt\u0131lm\u0131\u015f solvent sarfiyat\u0131\u2026 SpeXtract SPE \u00dcr\u00fcnleri\u2026\" \/>\n<meta name=\"robots\" content=\"index, follow, max-snippet:-1, max-image-preview:large, max-video-preview:-1\" \/>\n<link rel=\"canonical\" href=\"https:\/\/kromx.kromogen.com\/en\/our-products\/spe-solid-phase-extraction\/\" \/>\n<meta property=\"og:locale\" content=\"en_GB\" \/>\n<meta property=\"og:type\" content=\"article\" \/>\n<meta property=\"og:title\" content=\"SPE Kat\u0131 Faz Ekstraksiyon - Kromogen\" \/>\n<meta property=\"og:description\" content=\"Temiz Numune ve Se\u00e7ici Analizler \u0130\u00e7in SPE Kartu\u015f Patentli Polimer, HLB, C18, C8, WAX, WCX, SAX, SCX, NH2 ya da daha fazlas\u0131. Temiz numuneler, y\u00fcksek geri kazan\u0131m, k\u0131sa s\u00fcreler, azalt\u0131lm\u0131\u015f solvent sarfiyat\u0131\u2026 SpeXtract SPE \u00dcr\u00fcnleri\u2026\" \/>\n<meta property=\"og:url\" content=\"https:\/\/kromx.kromogen.com\/en\/our-products\/spe-solid-phase-extraction\/\" \/>\n<meta property=\"og:site_name\" content=\"Kromogen\" \/>\n<meta property=\"article:modified_time\" content=\"2024-09-02T11:31:09+00:00\" \/>\n<meta property=\"og:image\" content=\"https:\/\/kromx.kromogen.com\/wp-content\/uploads\/2024\/08\/SpeXtract.jpg\" \/>\n<meta name=\"twitter:card\" content=\"summary_large_image\" \/>\n<meta name=\"twitter:label1\" content=\"Estimated reading time\" \/>\n\t<meta name=\"twitter:data1\" content=\"4 minutes\" \/>\n<script type=\"application\/ld+json\" class=\"yoast-schema-graph\">{\"@context\":\"https:\/\/schema.org\",\"@graph\":[{\"@type\":\"WebPage\",\"@id\":\"https:\/\/kromx.kromogen.com\/urunlerimiz\/spe-kati-faz-ekstraksiyon\/\",\"url\":\"https:\/\/kromx.kromogen.com\/urunlerimiz\/spe-kati-faz-ekstraksiyon\/\",\"name\":\"SPE Kat\u0131 Faz Ekstraksiyon - Kromogen\",\"isPartOf\":{\"@id\":\"https:\/\/kromx.kromogen.com\/#website\"},\"primaryImageOfPage\":{\"@id\":\"https:\/\/kromx.kromogen.com\/urunlerimiz\/spe-kati-faz-ekstraksiyon\/#primaryimage\"},\"image\":{\"@id\":\"https:\/\/kromx.kromogen.com\/urunlerimiz\/spe-kati-faz-ekstraksiyon\/#primaryimage\"},\"thumbnailUrl\":\"https:\/\/kromx.kromogen.com\/wp-content\/uploads\/2024\/08\/SpeXtract.jpg\",\"datePublished\":\"2024-08-08T05:30:44+00:00\",\"dateModified\":\"2024-09-02T11:31:09+00:00\",\"description\":\"Temiz Numune ve Se\u00e7ici Analizler \u0130\u00e7in SPE Kartu\u015f Patentli Polimer, HLB, C18, C8, WAX, WCX, SAX, SCX, NH2 ya da daha fazlas\u0131. Temiz numuneler, y\u00fcksek geri kazan\u0131m, k\u0131sa s\u00fcreler, azalt\u0131lm\u0131\u015f solvent sarfiyat\u0131\u2026 SpeXtract SPE \u00dcr\u00fcnleri\u2026\",\"breadcrumb\":{\"@id\":\"https:\/\/kromx.kromogen.com\/urunlerimiz\/spe-kati-faz-ekstraksiyon\/#breadcrumb\"},\"inLanguage\":\"en-GB\",\"potentialAction\":[{\"@type\":\"ReadAction\",\"target\":[\"https:\/\/kromx.kromogen.com\/urunlerimiz\/spe-kati-faz-ekstraksiyon\/\"]}]},{\"@type\":\"ImageObject\",\"inLanguage\":\"en-GB\",\"@id\":\"https:\/\/kromx.kromogen.com\/urunlerimiz\/spe-kati-faz-ekstraksiyon\/#primaryimage\",\"url\":\"https:\/\/kromx.kromogen.com\/wp-content\/uploads\/2024\/08\/SpeXtract.jpg\",\"contentUrl\":\"https:\/\/kromx.kromogen.com\/wp-content\/uploads\/2024\/08\/SpeXtract.jpg\"},{\"@type\":\"BreadcrumbList\",\"@id\":\"https:\/\/kromx.kromogen.com\/urunlerimiz\/spe-kati-faz-ekstraksiyon\/#breadcrumb\",\"itemListElement\":[{\"@type\":\"ListItem\",\"position\":1,\"name\":\"Anasayfa\",\"item\":\"https:\/\/kromx.kromogen.com\/\"},{\"@type\":\"ListItem\",\"position\":2,\"name\":\"\u00dcR\u00dcNLER\u0130M\u0130Z\",\"item\":\"https:\/\/kromx.kromogen.com\/urunlerimiz\/\"},{\"@type\":\"ListItem\",\"position\":3,\"name\":\"SPE Kat\u0131 Faz Ekstraksiyon\"}]},{\"@type\":\"WebSite\",\"@id\":\"https:\/\/kromx.kromogen.com\/#website\",\"url\":\"https:\/\/kromx.kromogen.com\/\",\"name\":\"Kromogen | KromX\",\"description\":\"Kromogen Biyoteknoloji\",\"publisher\":{\"@id\":\"https:\/\/kromx.kromogen.com\/#organization\"},\"potentialAction\":[{\"@type\":\"SearchAction\",\"target\":{\"@type\":\"EntryPoint\",\"urlTemplate\":\"https:\/\/kromx.kromogen.com\/?s={search_term_string}\"},\"query-input\":\"required name=search_term_string\"}],\"inLanguage\":\"en-GB\"},{\"@type\":\"Organization\",\"@id\":\"https:\/\/kromx.kromogen.com\/#organization\",\"name\":\"Kromogen | KromX\",\"url\":\"https:\/\/kromx.kromogen.com\/\",\"logo\":{\"@type\":\"ImageObject\",\"inLanguage\":\"en-GB\",\"@id\":\"https:\/\/kromx.kromogen.com\/#\/schema\/logo\/image\/\",\"url\":\"https:\/\/kromx.kromogen.com\/wp-content\/uploads\/2024\/08\/KromX.jpg\",\"contentUrl\":\"https:\/\/kromx.kromogen.com\/wp-content\/uploads\/2024\/08\/KromX.jpg\",\"width\":1600,\"height\":650,\"caption\":\"Kromogen | KromX\"},\"image\":{\"@id\":\"https:\/\/kromx.kromogen.com\/#\/schema\/logo\/image\/\"},\"sameAs\":[\"https:\/\/www.linkedin.com\/company\/kromogen-biyoteknoloji\/\"]}]}<\/script>\n<!-- \/ Yoast SEO plugin. -->","yoast_head_json":{"title":"SPE Kat\u0131 Faz Ekstraksiyon - Kromogen","description":"Temiz Numune ve Se\u00e7ici Analizler \u0130\u00e7in SPE Kartu\u015f Patentli Polimer, HLB, C18, C8, WAX, WCX, SAX, SCX, NH2 ya da daha fazlas\u0131. Temiz numuneler, y\u00fcksek geri kazan\u0131m, k\u0131sa s\u00fcreler, azalt\u0131lm\u0131\u015f solvent sarfiyat\u0131\u2026 SpeXtract SPE \u00dcr\u00fcnleri\u2026","robots":{"index":"index","follow":"follow","max-snippet":"max-snippet:-1","max-image-preview":"max-image-preview:large","max-video-preview":"max-video-preview:-1"},"canonical":"https:\/\/kromx.kromogen.com\/en\/our-products\/spe-solid-phase-extraction\/","og_locale":"en_GB","og_type":"article","og_title":"SPE Kat\u0131 Faz Ekstraksiyon - Kromogen","og_description":"Temiz Numune ve Se\u00e7ici Analizler \u0130\u00e7in SPE Kartu\u015f Patentli Polimer, HLB, C18, C8, WAX, WCX, SAX, SCX, NH2 ya da daha fazlas\u0131. Temiz numuneler, y\u00fcksek geri kazan\u0131m, k\u0131sa s\u00fcreler, azalt\u0131lm\u0131\u015f solvent sarfiyat\u0131\u2026 SpeXtract SPE \u00dcr\u00fcnleri\u2026","og_url":"https:\/\/kromx.kromogen.com\/en\/our-products\/spe-solid-phase-extraction\/","og_site_name":"Kromogen","article_modified_time":"2024-09-02T11:31:09+00:00","og_image":[{"url":"https:\/\/kromx.kromogen.com\/wp-content\/uploads\/2024\/08\/SpeXtract.jpg"}],"twitter_card":"summary_large_image","twitter_misc":{"Estimated reading time":"4 minutes"},"schema":{"@context":"https:\/\/schema.org","@graph":[{"@type":"WebPage","@id":"https:\/\/kromx.kromogen.com\/urunlerimiz\/spe-kati-faz-ekstraksiyon\/","url":"https:\/\/kromx.kromogen.com\/urunlerimiz\/spe-kati-faz-ekstraksiyon\/","name":"SPE Kat\u0131 Faz Ekstraksiyon - Kromogen","isPartOf":{"@id":"https:\/\/kromx.kromogen.com\/#website"},"primaryImageOfPage":{"@id":"https:\/\/kromx.kromogen.com\/urunlerimiz\/spe-kati-faz-ekstraksiyon\/#primaryimage"},"image":{"@id":"https:\/\/kromx.kromogen.com\/urunlerimiz\/spe-kati-faz-ekstraksiyon\/#primaryimage"},"thumbnailUrl":"https:\/\/kromx.kromogen.com\/wp-content\/uploads\/2024\/08\/SpeXtract.jpg","datePublished":"2024-08-08T05:30:44+00:00","dateModified":"2024-09-02T11:31:09+00:00","description":"Temiz Numune ve Se\u00e7ici Analizler \u0130\u00e7in SPE Kartu\u015f Patentli Polimer, HLB, C18, C8, WAX, WCX, SAX, SCX, NH2 ya da daha fazlas\u0131. Temiz numuneler, y\u00fcksek geri kazan\u0131m, k\u0131sa s\u00fcreler, azalt\u0131lm\u0131\u015f solvent sarfiyat\u0131\u2026 SpeXtract SPE \u00dcr\u00fcnleri\u2026","breadcrumb":{"@id":"https:\/\/kromx.kromogen.com\/urunlerimiz\/spe-kati-faz-ekstraksiyon\/#breadcrumb"},"inLanguage":"en-GB","potentialAction":[{"@type":"ReadAction","target":["https:\/\/kromx.kromogen.com\/urunlerimiz\/spe-kati-faz-ekstraksiyon\/"]}]},{"@type":"ImageObject","inLanguage":"en-GB","@id":"https:\/\/kromx.kromogen.com\/urunlerimiz\/spe-kati-faz-ekstraksiyon\/#primaryimage","url":"https:\/\/kromx.kromogen.com\/wp-content\/uploads\/2024\/08\/SpeXtract.jpg","contentUrl":"https:\/\/kromx.kromogen.com\/wp-content\/uploads\/2024\/08\/SpeXtract.jpg"},{"@type":"BreadcrumbList","@id":"https:\/\/kromx.kromogen.com\/urunlerimiz\/spe-kati-faz-ekstraksiyon\/#breadcrumb","itemListElement":[{"@type":"ListItem","position":1,"name":"Anasayfa","item":"https:\/\/kromx.kromogen.com\/"},{"@type":"ListItem","position":2,"name":"\u00dcR\u00dcNLER\u0130M\u0130Z","item":"https:\/\/kromx.kromogen.com\/urunlerimiz\/"},{"@type":"ListItem","position":3,"name":"SPE Kat\u0131 Faz Ekstraksiyon"}]},{"@type":"WebSite","@id":"https:\/\/kromx.kromogen.com\/#website","url":"https:\/\/kromx.kromogen.com\/","name":"Kromogen | KromX","description":"Kromogen Biyoteknoloji","publisher":{"@id":"https:\/\/kromx.kromogen.com\/#organization"},"potentialAction":[{"@type":"SearchAction","target":{"@type":"EntryPoint","urlTemplate":"https:\/\/kromx.kromogen.com\/?s={search_term_string}"},"query-input":"required name=search_term_string"}],"inLanguage":"en-GB"},{"@type":"Organization","@id":"https:\/\/kromx.kromogen.com\/#organization","name":"Kromogen | KromX","url":"https:\/\/kromx.kromogen.com\/","logo":{"@type":"ImageObject","inLanguage":"en-GB","@id":"https:\/\/kromx.kromogen.com\/#\/schema\/logo\/image\/","url":"https:\/\/kromx.kromogen.com\/wp-content\/uploads\/2024\/08\/KromX.jpg","contentUrl":"https:\/\/kromx.kromogen.com\/wp-content\/uploads\/2024\/08\/KromX.jpg","width":1600,"height":650,"caption":"Kromogen | KromX"},"image":{"@id":"https:\/\/kromx.kromogen.com\/#\/schema\/logo\/image\/"},"sameAs":["https:\/\/www.linkedin.com\/company\/kromogen-biyoteknoloji\/"]}]}},"_links":{"self":[{"href":"https:\/\/kromx.kromogen.com\/en\/wp-json\/wp\/v2\/pages\/266"}],"collection":[{"href":"https:\/\/kromx.kromogen.com\/en\/wp-json\/wp\/v2\/pages"}],"about":[{"href":"https:\/\/kromx.kromogen.com\/en\/wp-json\/wp\/v2\/types\/page"}],"author":[{"embeddable":true,"href":"https:\/\/kromx.kromogen.com\/en\/wp-json\/wp\/v2\/users\/1"}],"replies":[{"embeddable":true,"href":"https:\/\/kromx.kromogen.com\/en\/wp-json\/wp\/v2\/comments?post=266"}],"version-history":[{"count":43,"href":"https:\/\/kromx.kromogen.com\/en\/wp-json\/wp\/v2\/pages\/266\/revisions"}],"predecessor-version":[{"id":1189,"href":"https:\/\/kromx.kromogen.com\/en\/wp-json\/wp\/v2\/pages\/266\/revisions\/1189"}],"up":[{"embeddable":true,"href":"https:\/\/kromx.kromogen.com\/en\/wp-json\/wp\/v2\/pages\/100"}],"wp:attachment":[{"href":"https:\/\/kromx.kromogen.com\/en\/wp-json\/wp\/v2\/media?parent=266"}],"curies":[{"name":"wp","href":"https:\/\/api.w.org\/{rel}","templated":true}]}}