
{"id":814,"date":"2024-08-21T13:51:23","date_gmt":"2024-08-21T13:51:23","guid":{"rendered":"https:\/\/kromx.kromogen.com\/?page_id=814"},"modified":"2024-08-28T14:11:34","modified_gmt":"2024-08-28T14:11:34","slug":"vakum-urunleri","status":"publish","type":"page","link":"https:\/\/kromx.kromogen.com\/en\/our-products\/vacuum-products\/","title":{"rendered":"Vacuum Products"},"content":{"rendered":"<p><img loading=\"lazy\" decoding=\"async\" class=\"wp-image-1193 size-full aligncenter\" src=\"https:\/\/kromx.kromogen.com\/wp-content\/uploads\/2024\/08\/Vakum.jpg\" alt=\"\" width=\"691\" height=\"976\" srcset=\"https:\/\/kromx.kromogen.com\/wp-content\/uploads\/2024\/08\/Vakum.jpg 691w, https:\/\/kromx.kromogen.com\/wp-content\/uploads\/2024\/08\/Vakum-212x300.jpg 212w\" sizes=\"(max-width: 691px) 100vw, 691px\" \/><\/p>","protected":false},"excerpt":{"rendered":"","protected":false},"author":2,"featured_media":0,"parent":100,"menu_order":0,"comment_status":"closed","ping_status":"closed","template":"page-blank.php","meta":{"footnotes":""},"class_list":["post-814","page","type-page","status-publish","hentry"],"yoast_head":"<!-- This site is optimized with the Yoast SEO plugin v23.3 - https:\/\/yoast.com\/wordpress\/plugins\/seo\/ -->\n<title>Vakum \u00dcr\u00fcnleri - Kromogen<\/title>\n<meta name=\"robots\" content=\"index, follow, max-snippet:-1, max-image-preview:large, max-video-preview:-1\" \/>\n<link rel=\"canonical\" href=\"https:\/\/kromx.kromogen.com\/en\/our-products\/vacuum-products\/\" \/>\n<meta property=\"og:locale\" content=\"en_GB\" \/>\n<meta property=\"og:type\" content=\"article\" \/>\n<meta property=\"og:title\" content=\"Vakum \u00dcr\u00fcnleri - Kromogen\" \/>\n<meta property=\"og:url\" content=\"https:\/\/kromx.kromogen.com\/en\/our-products\/vacuum-products\/\" \/>\n<meta property=\"og:site_name\" content=\"Kromogen\" \/>\n<meta property=\"article:modified_time\" content=\"2024-08-28T14:11:34+00:00\" \/>\n<meta property=\"og:image\" content=\"https:\/\/kromx.kromogen.com\/wp-content\/uploads\/2024\/08\/Vakum.jpg\" \/>\n<meta name=\"twitter:card\" content=\"summary_large_image\" \/>\n<meta name=\"twitter:label1\" content=\"Estimated reading time\" \/>\n\t<meta name=\"twitter:data1\" content=\"1 minute\" \/>\n<script type=\"application\/ld+json\" class=\"yoast-schema-graph\">{\"@context\":\"https:\/\/schema.org\",\"@graph\":[{\"@type\":\"WebPage\",\"@id\":\"https:\/\/kromx.kromogen.com\/urunlerimiz\/vakum-urunleri\/\",\"url\":\"https:\/\/kromx.kromogen.com\/urunlerimiz\/vakum-urunleri\/\",\"name\":\"Vakum \u00dcr\u00fcnleri - Kromogen\",\"isPartOf\":{\"@id\":\"https:\/\/kromx.kromogen.com\/#website\"},\"primaryImageOfPage\":{\"@id\":\"https:\/\/kromx.kromogen.com\/urunlerimiz\/vakum-urunleri\/#primaryimage\"},\"image\":{\"@id\":\"https:\/\/kromx.kromogen.com\/urunlerimiz\/vakum-urunleri\/#primaryimage\"},\"thumbnailUrl\":\"https:\/\/kromx.kromogen.com\/wp-content\/uploads\/2024\/08\/Vakum.jpg\",\"datePublished\":\"2024-08-21T13:51:23+00:00\",\"dateModified\":\"2024-08-28T14:11:34+00:00\",\"breadcrumb\":{\"@id\":\"https:\/\/kromx.kromogen.com\/urunlerimiz\/vakum-urunleri\/#breadcrumb\"},\"inLanguage\":\"en-GB\",\"potentialAction\":[{\"@type\":\"ReadAction\",\"target\":[\"https:\/\/kromx.kromogen.com\/urunlerimiz\/vakum-urunleri\/\"]}]},{\"@type\":\"ImageObject\",\"inLanguage\":\"en-GB\",\"@id\":\"https:\/\/kromx.kromogen.com\/urunlerimiz\/vakum-urunleri\/#primaryimage\",\"url\":\"https:\/\/kromx.kromogen.com\/wp-content\/uploads\/2024\/08\/Vakum.jpg\",\"contentUrl\":\"https:\/\/kromx.kromogen.com\/wp-content\/uploads\/2024\/08\/Vakum.jpg\"},{\"@type\":\"BreadcrumbList\",\"@id\":\"https:\/\/kromx.kromogen.com\/urunlerimiz\/vakum-urunleri\/#breadcrumb\",\"itemListElement\":[{\"@type\":\"ListItem\",\"position\":1,\"name\":\"Anasayfa\",\"item\":\"https:\/\/kromx.kromogen.com\/\"},{\"@type\":\"ListItem\",\"position\":2,\"name\":\"\u00dcR\u00dcNLER\u0130M\u0130Z\",\"item\":\"https:\/\/kromx.kromogen.com\/urunlerimiz\/\"},{\"@type\":\"ListItem\",\"position\":3,\"name\":\"Vakum \u00dcr\u00fcnleri\"}]},{\"@type\":\"WebSite\",\"@id\":\"https:\/\/kromx.kromogen.com\/#website\",\"url\":\"https:\/\/kromx.kromogen.com\/\",\"name\":\"Kromogen | KromX\",\"description\":\"Kromogen Biyoteknoloji\",\"publisher\":{\"@id\":\"https:\/\/kromx.kromogen.com\/#organization\"},\"potentialAction\":[{\"@type\":\"SearchAction\",\"target\":{\"@type\":\"EntryPoint\",\"urlTemplate\":\"https:\/\/kromx.kromogen.com\/?s={search_term_string}\"},\"query-input\":\"required name=search_term_string\"}],\"inLanguage\":\"en-GB\"},{\"@type\":\"Organization\",\"@id\":\"https:\/\/kromx.kromogen.com\/#organization\",\"name\":\"Kromogen | KromX\",\"url\":\"https:\/\/kromx.kromogen.com\/\",\"logo\":{\"@type\":\"ImageObject\",\"inLanguage\":\"en-GB\",\"@id\":\"https:\/\/kromx.kromogen.com\/#\/schema\/logo\/image\/\",\"url\":\"https:\/\/kromx.kromogen.com\/wp-content\/uploads\/2024\/08\/KromX.jpg\",\"contentUrl\":\"https:\/\/kromx.kromogen.com\/wp-content\/uploads\/2024\/08\/KromX.jpg\",\"width\":1600,\"height\":650,\"caption\":\"Kromogen | KromX\"},\"image\":{\"@id\":\"https:\/\/kromx.kromogen.com\/#\/schema\/logo\/image\/\"},\"sameAs\":[\"https:\/\/www.linkedin.com\/company\/kromogen-biyoteknoloji\/\"]}]}<\/script>\n<!-- \/ Yoast SEO plugin. -->","yoast_head_json":{"title":"Vakum \u00dcr\u00fcnleri - Kromogen","robots":{"index":"index","follow":"follow","max-snippet":"max-snippet:-1","max-image-preview":"max-image-preview:large","max-video-preview":"max-video-preview:-1"},"canonical":"https:\/\/kromx.kromogen.com\/en\/our-products\/vacuum-products\/","og_locale":"en_GB","og_type":"article","og_title":"Vakum \u00dcr\u00fcnleri - Kromogen","og_url":"https:\/\/kromx.kromogen.com\/en\/our-products\/vacuum-products\/","og_site_name":"Kromogen","article_modified_time":"2024-08-28T14:11:34+00:00","og_image":[{"url":"https:\/\/kromx.kromogen.com\/wp-content\/uploads\/2024\/08\/Vakum.jpg"}],"twitter_card":"summary_large_image","twitter_misc":{"Estimated reading time":"1 minute"},"schema":{"@context":"https:\/\/schema.org","@graph":[{"@type":"WebPage","@id":"https:\/\/kromx.kromogen.com\/urunlerimiz\/vakum-urunleri\/","url":"https:\/\/kromx.kromogen.com\/urunlerimiz\/vakum-urunleri\/","name":"Vakum \u00dcr\u00fcnleri - Kromogen","isPartOf":{"@id":"https:\/\/kromx.kromogen.com\/#website"},"primaryImageOfPage":{"@id":"https:\/\/kromx.kromogen.com\/urunlerimiz\/vakum-urunleri\/#primaryimage"},"image":{"@id":"https:\/\/kromx.kromogen.com\/urunlerimiz\/vakum-urunleri\/#primaryimage"},"thumbnailUrl":"https:\/\/kromx.kromogen.com\/wp-content\/uploads\/2024\/08\/Vakum.jpg","datePublished":"2024-08-21T13:51:23+00:00","dateModified":"2024-08-28T14:11:34+00:00","breadcrumb":{"@id":"https:\/\/kromx.kromogen.com\/urunlerimiz\/vakum-urunleri\/#breadcrumb"},"inLanguage":"en-GB","potentialAction":[{"@type":"ReadAction","target":["https:\/\/kromx.kromogen.com\/urunlerimiz\/vakum-urunleri\/"]}]},{"@type":"ImageObject","inLanguage":"en-GB","@id":"https:\/\/kromx.kromogen.com\/urunlerimiz\/vakum-urunleri\/#primaryimage","url":"https:\/\/kromx.kromogen.com\/wp-content\/uploads\/2024\/08\/Vakum.jpg","contentUrl":"https:\/\/kromx.kromogen.com\/wp-content\/uploads\/2024\/08\/Vakum.jpg"},{"@type":"BreadcrumbList","@id":"https:\/\/kromx.kromogen.com\/urunlerimiz\/vakum-urunleri\/#breadcrumb","itemListElement":[{"@type":"ListItem","position":1,"name":"Anasayfa","item":"https:\/\/kromx.kromogen.com\/"},{"@type":"ListItem","position":2,"name":"\u00dcR\u00dcNLER\u0130M\u0130Z","item":"https:\/\/kromx.kromogen.com\/urunlerimiz\/"},{"@type":"ListItem","position":3,"name":"Vakum \u00dcr\u00fcnleri"}]},{"@type":"WebSite","@id":"https:\/\/kromx.kromogen.com\/#website","url":"https:\/\/kromx.kromogen.com\/","name":"Kromogen | KromX","description":"Kromogen Biyoteknoloji","publisher":{"@id":"https:\/\/kromx.kromogen.com\/#organization"},"potentialAction":[{"@type":"SearchAction","target":{"@type":"EntryPoint","urlTemplate":"https:\/\/kromx.kromogen.com\/?s={search_term_string}"},"query-input":"required name=search_term_string"}],"inLanguage":"en-GB"},{"@type":"Organization","@id":"https:\/\/kromx.kromogen.com\/#organization","name":"Kromogen | KromX","url":"https:\/\/kromx.kromogen.com\/","logo":{"@type":"ImageObject","inLanguage":"en-GB","@id":"https:\/\/kromx.kromogen.com\/#\/schema\/logo\/image\/","url":"https:\/\/kromx.kromogen.com\/wp-content\/uploads\/2024\/08\/KromX.jpg","contentUrl":"https:\/\/kromx.kromogen.com\/wp-content\/uploads\/2024\/08\/KromX.jpg","width":1600,"height":650,"caption":"Kromogen | KromX"},"image":{"@id":"https:\/\/kromx.kromogen.com\/#\/schema\/logo\/image\/"},"sameAs":["https:\/\/www.linkedin.com\/company\/kromogen-biyoteknoloji\/"]}]}},"_links":{"self":[{"href":"https:\/\/kromx.kromogen.com\/en\/wp-json\/wp\/v2\/pages\/814"}],"collection":[{"href":"https:\/\/kromx.kromogen.com\/en\/wp-json\/wp\/v2\/pages"}],"about":[{"href":"https:\/\/kromx.kromogen.com\/en\/wp-json\/wp\/v2\/types\/page"}],"author":[{"embeddable":true,"href":"https:\/\/kromx.kromogen.com\/en\/wp-json\/wp\/v2\/users\/2"}],"replies":[{"embeddable":true,"href":"https:\/\/kromx.kromogen.com\/en\/wp-json\/wp\/v2\/comments?post=814"}],"version-history":[{"count":11,"href":"https:\/\/kromx.kromogen.com\/en\/wp-json\/wp\/v2\/pages\/814\/revisions"}],"predecessor-version":[{"id":1195,"href":"https:\/\/kromx.kromogen.com\/en\/wp-json\/wp\/v2\/pages\/814\/revisions\/1195"}],"up":[{"embeddable":true,"href":"https:\/\/kromx.kromogen.com\/en\/wp-json\/wp\/v2\/pages\/100"}],"wp:attachment":[{"href":"https:\/\/kromx.kromogen.com\/en\/wp-json\/wp\/v2\/media?parent=814"}],"curies":[{"name":"wp","href":"https:\/\/api.w.org\/{rel}","templated":true}]}}